{"id":54,"date":"2019-05-10T10:36:47","date_gmt":"2019-05-10T10:36:47","guid":{"rendered":"http:\/\/gruene-dettelbach.de\/?page_id=54"},"modified":"2024-04-29T08:47:49","modified_gmt":"2024-04-29T08:47:49","slug":"kontakt","status":"publish","type":"page","link":"https:\/\/www.gruene-dettelbach-schwarzach.de\/?page_id=54","title":{"rendered":"Kontakt"},"content":{"rendered":"\n<p>Du liebst Deinen Heimatort Dettelbach bzw. Schwarzach am Main und willst ihn <em>noch <\/em>liebenswerter machen? Du m\u00f6chtest neue Kontakte zu netten, engagierten und gleichgesinnten Menschen in deiner Nachbarschaft kn\u00fcpfen? Dir liegen Themen wie Umwelt- und Artenschutz, Hochwasserschutz, \u00f6ffentliche Kulturarbeit, Altstadt-\u201eWiederbelebung\u201c und \u00f6ffentlicher Nahverkehr am Herzen? Du willst endlich Position beziehen, willst dich einmischen \u2013 und die Politik aufmischen?<\/p>\n\n\n\n<p><strong>Dann komm zu uns, denn GR\u00dcN macht die Welt bunter! <\/strong><\/p>\n\n\n\n<p>Du bist herzlich eingeladen, bei einem unserer offenen Monatstreffen vorbeizukommen. Die Termine des Stammtisches findest Du auf unserer Terminseite. Wir freuen uns schon jetzt, dich und deine Ideen kennenzulernen! Du erreichst uns unter <a href=\"#\" data-unscramble=\"ed.hcabletted-eneurg@ofni\">info@gruene-dettelbach.de<\/a> oder \u00fcber das Kontaktformular. Wir freuen uns \u00fcber deine Nachricht!<\/p>\n\n\n<div class=\"wpforms-container wpforms-container-full wpforms-block wpforms-block-06d8364a-a9b6-47bc-92e0-7aaa4ce78e75\" id=\"wpforms-344\"><form id=\"wpforms-form-344\" class=\"wpforms-validate wpforms-form\" data-formid=\"344\" method=\"post\" enctype=\"multipart\/form-data\" action=\"\/index.php?rest_route=%2Fwp%2Fv2%2Fpages%2F54\" data-token=\"c083158998c80757721319ce60311bdf\" data-token-time=\"1777210586\"><noscript class=\"wpforms-error-noscript\">Bitte aktiviere JavaScript in deinem Browser, um dieses Formular fertigzustellen.<\/noscript><div class=\"wpforms-field-container\"><div id=\"wpforms-344-field_0-container\" class=\"wpforms-field wpforms-field-name\" data-field-id=\"0\"><label class=\"wpforms-field-label\">Name <span class=\"wpforms-required-label\">*<\/span><\/label><div class=\"wpforms-field-row wpforms-field-medium\"><div class=\"wpforms-field-row-block wpforms-first wpforms-one-half\"><input type=\"text\" id=\"wpforms-344-field_0\" class=\"wpforms-field-name-first wpforms-field-required\" name=\"wpforms[fields][0][first]\" required><label for=\"wpforms-344-field_0\" class=\"wpforms-field-sublabel after\">Vorname<\/label><\/div><div class=\"wpforms-field-row-block wpforms-one-half\"><input type=\"text\" id=\"wpforms-344-field_0-last\" class=\"wpforms-field-name-last wpforms-field-required\" name=\"wpforms[fields][0][last]\" required><label for=\"wpforms-344-field_0-last\" class=\"wpforms-field-sublabel after\">Nachname<\/label><\/div><\/div><\/div><div id=\"wpforms-344-field_1-container\" class=\"wpforms-field wpforms-field-email\" data-field-id=\"1\"><label class=\"wpforms-field-label\" for=\"wpforms-344-field_1\">E-Mail <span class=\"wpforms-required-label\">*<\/span><\/label><input type=\"email\" id=\"wpforms-344-field_1\" class=\"wpforms-field-medium wpforms-field-required\" name=\"wpforms[fields][1]\" spellcheck=\"false\" required><\/div><div id=\"wpforms-344-field_2-container\" class=\"wpforms-field wpforms-field-textarea\" data-field-id=\"2\"><label class=\"wpforms-field-label\" for=\"wpforms-344-field_2\">Nachricht <span class=\"wpforms-required-label\">*<\/span><\/label><textarea id=\"wpforms-344-field_2\" class=\"wpforms-field-medium wpforms-field-required\" name=\"wpforms[fields][2]\" required><\/textarea><\/div><\/div><!-- .wpforms-field-container --><div class=\"wpforms-submit-container\" ><input type=\"hidden\" name=\"wpforms[id]\" value=\"344\"><input type=\"hidden\" name=\"page_title\" value=\"\"><input type=\"hidden\" name=\"page_url\" value=\"https:\/\/www.gruene-dettelbach-schwarzach.de\/index.php?rest_route=\/wp\/v2\/pages\/54\"><input type=\"hidden\" name=\"url_referer\" value=\"\"><button type=\"submit\" name=\"wpforms[submit]\" id=\"wpforms-submit-344\" class=\"wpforms-submit\" data-alt-text=\"Senden...\" data-submit-text=\"Absenden\" aria-live=\"assertive\" value=\"wpforms-submit\">Absenden<\/button><\/div><\/form><\/div>  <!-- .wpforms-container -->\n\n\n<p><\/p>\n","protected":false},"excerpt":{"rendered":"<p>Du liebst Deinen Heimatort Dettelbach bzw. Schwarzach am Main und willst ihn noch liebenswerter machen? Du m\u00f6chtest neue Kontakte zu netten, engagierten und gleichgesinnten Menschen in deiner Nachbarschaft kn\u00fcpfen? Dir [&hellip;]<\/p>\n","protected":false},"author":4,"featured_media":0,"parent":0,"menu_order":3,"comment_status":"closed","ping_status":"closed","template":"","meta":{"footnotes":""},"class_list":["post-54","page","type-page","status-publish","hentry"],"_links":{"self":[{"href":"https:\/\/www.gruene-dettelbach-schwarzach.de\/index.php?rest_route=\/wp\/v2\/pages\/54","targetHints":{"allow":["GET"]}}],"collection":[{"href":"https:\/\/www.gruene-dettelbach-schwarzach.de\/index.php?rest_route=\/wp\/v2\/pages"}],"about":[{"href":"https:\/\/www.gruene-dettelbach-schwarzach.de\/index.php?rest_route=\/wp\/v2\/types\/page"}],"author":[{"embeddable":true,"href":"https:\/\/www.gruene-dettelbach-schwarzach.de\/index.php?rest_route=\/wp\/v2\/users\/4"}],"replies":[{"embeddable":true,"href":"https:\/\/www.gruene-dettelbach-schwarzach.de\/index.php?rest_route=%2Fwp%2Fv2%2Fcomments&post=54"}],"version-history":[{"count":19,"href":"https:\/\/www.gruene-dettelbach-schwarzach.de\/index.php?rest_route=\/wp\/v2\/pages\/54\/revisions"}],"predecessor-version":[{"id":989,"href":"https:\/\/www.gruene-dettelbach-schwarzach.de\/index.php?rest_route=\/wp\/v2\/pages\/54\/revisions\/989"}],"wp:attachment":[{"href":"https:\/\/www.gruene-dettelbach-schwarzach.de\/index.php?rest_route=%2Fwp%2Fv2%2Fmedia&parent=54"}],"curies":[{"name":"wp","href":"https:\/\/api.w.org\/{rel}","templated":true}]}}