{"id":1282,"date":"2026-04-23T15:29:52","date_gmt":"2026-04-23T15:29:52","guid":{"rendered":"https:\/\/www.gruene-dettelbach-schwarzach.de\/?page_id=1282"},"modified":"2026-04-23T15:44:31","modified_gmt":"2026-04-23T15:44:31","slug":"stadtradeln","status":"publish","type":"page","link":"https:\/\/www.gruene-dettelbach-schwarzach.de\/?page_id=1282","title":{"rendered":"Stadtradeln"},"content":{"rendered":"\n<p>Dank unseres starken Engagements ist es endlich so weit:<br>Unsere Gemeinde nimmt in diesem Jahr <strong>erstmals am STADTRADELN<\/strong> teil.<\/p>\n\n\n\n<p><strong>Jetzt hei\u00dft es: Aufsteigen, lostreten und gemeinsam etwas bewegen!<\/strong><\/p>\n\n\n\n<p>21 Tage lang geht es darum, m\u00f6glichst viele Fahrradkilometer zu sammeln \u2013 f\u00fcr mehr Klimaschutz, bessere Luft und ein aktiveres Miteinander. <\/p>\n\n\n\n<p>Ab dem 1.Mai bis zum 21.Mai radeln wir, so wie die anderen Gemeinden im Landkreis Kitzingen f\u00fcr eine bewegte Zukunft. <br>Ob zur Arbeit, zum Einkaufen oder einfach aus Freude am Fahren: <br>Jeder Kilometer z\u00e4hlt und bringt uns als Gemeinde ein St\u00fcck weiter in Richtung nachhaltige Zukunft.<\/p>\n\n\n\n<p>Die Kilometer werden mit der STADTRADELN App (verf\u00fcgbar im iOS Apple Store oder im Android Play Store).<br><a href=\"https:\/\/www.stadtradeln.de\/index.php?id=171&amp;L=0&amp;team_preselect=26729\">Link zum schnellen Registrieren in der Stadtradeln App.<\/a><\/p>\n\n\n\n<p>Da wir dieses Jahr so sp\u00e4t mit der Anmeldung waren, fahren wir als Team Schwarzach unter dem Landkreis Kitzingen teil. Falls das Stadtradeln Anklang findet, bekommen wir n\u00e4chstes Jahr f\u00fcr Schwarzach einen Kommunenreiter und k\u00f6nnen auch einzelne Gruppierungen fahren. Beispielsweise : Kindergarten \/ Feuerwehr \/ Burschenverein.<\/p>\n\n\n\n<p>F\u00fcr diejenigen, die sich nicht \u00fcber den Link anmelden, das Team Schwarzach findet ihr \u00fcber die Gruppensuche: <br><strong>Bayern -&gt; Kitzingen -&gt; Landkreis Kitzingen -&gt; vorhandenem Team beitreten -&gt; Team Schwarzach a. Main<\/strong><\/p>\n\n\n\n<p>Sei dabei, motiviere Freunde, Familie oder Kolleginnen und Kollegen und werde Teil dieser Bewegung. <br>Gemeinsam machen wir unsere Gemeinde fit f\u00fcrs Rad \u2013 und setzen ein sichtbares Zeichen f\u00fcr moderne Mobilit\u00e4t<\/p>\n\n\n\n<p><\/p>\n","protected":false},"excerpt":{"rendered":"<p>Dank unseres starken Engagements ist es endlich so weit:Unsere Gemeinde nimmt in diesem Jahr erstmals am STADTRADELN teil. Jetzt hei\u00dft es: Aufsteigen, lostreten und gemeinsam etwas bewegen! 21 Tage lang [&hellip;]<\/p>\n","protected":false},"author":9,"featured_media":0,"parent":0,"menu_order":0,"comment_status":"closed","ping_status":"closed","template":"","meta":{"footnotes":""},"class_list":["post-1282","page","type-page","status-publish","hentry"],"_links":{"self":[{"href":"https:\/\/www.gruene-dettelbach-schwarzach.de\/index.php?rest_route=\/wp\/v2\/pages\/1282","targetHints":{"allow":["GET"]}}],"collection":[{"href":"https:\/\/www.gruene-dettelbach-schwarzach.de\/index.php?rest_route=\/wp\/v2\/pages"}],"about":[{"href":"https:\/\/www.gruene-dettelbach-schwarzach.de\/index.php?rest_route=\/wp\/v2\/types\/page"}],"author":[{"embeddable":true,"href":"https:\/\/www.gruene-dettelbach-schwarzach.de\/index.php?rest_route=\/wp\/v2\/users\/9"}],"replies":[{"embeddable":true,"href":"https:\/\/www.gruene-dettelbach-schwarzach.de\/index.php?rest_route=%2Fwp%2Fv2%2Fcomments&post=1282"}],"version-history":[{"count":6,"href":"https:\/\/www.gruene-dettelbach-schwarzach.de\/index.php?rest_route=\/wp\/v2\/pages\/1282\/revisions"}],"predecessor-version":[{"id":1290,"href":"https:\/\/www.gruene-dettelbach-schwarzach.de\/index.php?rest_route=\/wp\/v2\/pages\/1282\/revisions\/1290"}],"wp:attachment":[{"href":"https:\/\/www.gruene-dettelbach-schwarzach.de\/index.php?rest_route=%2Fwp%2Fv2%2Fmedia&parent=1282"}],"curies":[{"name":"wp","href":"https:\/\/api.w.org\/{rel}","templated":true}]}}